{"id":9,"date":"2022-09-07T17:34:38","date_gmt":"2022-09-07T21:34:38","guid":{"rendered":"https:\/\/thoscawood.com.py\/?page_id=9"},"modified":"2023-07-01T16:22:14","modified_gmt":"2023-07-01T20:22:14","slug":"quienes-somos","status":"publish","type":"page","link":"https:\/\/thoscawood.com.py\/index.php\/quienes-somos\/","title":{"rendered":"Quienes Somos"},"content":{"rendered":"\t\t<div data-elementor-type=\"wp-page\" data-elementor-id=\"9\" class=\"elementor elementor-9\">\n\t\t\t\t\t\t\t\t\t<section class=\"elementor-section elementor-top-section elementor-element elementor-element-39b7879 elementor-section-boxed elementor-section-height-default elementor-section-height-default\" data-id=\"39b7879\" data-element_type=\"section\">\n\t\t\t\t\t\t<div class=\"elementor-container elementor-column-gap-default\">\n\t\t\t\t\t<div class=\"elementor-column elementor-col-100 elementor-top-column elementor-element elementor-element-ebff10b\" data-id=\"ebff10b\" data-element_type=\"column\">\n\t\t\t<div class=\"elementor-widget-wrap elementor-element-populated\">\n\t\t\t\t\t\t\t\t<section class=\"elementor-section elementor-inner-section elementor-element elementor-element-0282732 elementor-section-boxed elementor-section-height-default elementor-section-height-default\" data-id=\"0282732\" data-element_type=\"section\">\n\t\t\t\t\t\t<div class=\"elementor-container elementor-column-gap-default\">\n\t\t\t\t\t<div class=\"elementor-column elementor-col-50 elementor-inner-column elementor-element elementor-element-98c1e12\" data-id=\"98c1e12\" data-element_type=\"column\">\n\t\t\t<div class=\"elementor-widget-wrap\">\n\t\t\t\t\t\t\t\t\t<\/div>\n\t\t<\/div>\n\t\t\t\t<div class=\"elementor-column elementor-col-50 elementor-inner-column elementor-element elementor-element-1fc07b8\" data-id=\"1fc07b8\" data-element_type=\"column\">\n\t\t\t<div class=\"elementor-widget-wrap\">\n\t\t\t\t\t\t\t\t\t<\/div>\n\t\t<\/div>\n\t\t\t\t\t\t\t<\/div>\n\t\t<\/section>\n\t\t\t\t<div class=\"elementor-element elementor-element-e332c10 elementor-widget elementor-widget-image\" data-id=\"e332c10\" data-element_type=\"widget\" data-widget_type=\"image.default\">\n\t\t\t\t<div class=\"elementor-widget-container\">\n\t\t\t<style>\/*! elementor - v3.12.2 - 23-04-2023 *\/\n.elementor-widget-image{text-align:center}.elementor-widget-image a{display:inline-block}.elementor-widget-image a img[src$=\".svg\"]{width:48px}.elementor-widget-image img{vertical-align:middle;display:inline-block}<\/style>\t\t\t\t\t\t\t\t\t<figure class=\"wp-caption\">\n\t\t\t\t\t\t\t\t\t\t<img loading=\"lazy\" decoding=\"async\" width=\"1024\" height=\"377\" src=\"https:\/\/thoscawood.com.py\/wp-content\/uploads\/2022\/10\/FOTO-FABRICAa-1024x377.jpg\" class=\"attachment-large size-large wp-image-1090\" alt=\"F\u00e1brica\" srcset=\"https:\/\/thoscawood.com.py\/wp-content\/uploads\/2022\/10\/FOTO-FABRICAa-1024x377.jpg 1024w, https:\/\/thoscawood.com.py\/wp-content\/uploads\/2022\/10\/FOTO-FABRICAa-scaled-600x221.jpg 600w, https:\/\/thoscawood.com.py\/wp-content\/uploads\/2022\/10\/FOTO-FABRICAa-300x111.jpg 300w, https:\/\/thoscawood.com.py\/wp-content\/uploads\/2022\/10\/FOTO-FABRICAa-768x283.jpg 768w, https:\/\/thoscawood.com.py\/wp-content\/uploads\/2022\/10\/FOTO-FABRICAa-1536x566.jpg 1536w, https:\/\/thoscawood.com.py\/wp-content\/uploads\/2022\/10\/FOTO-FABRICAa-2048x755.jpg 2048w, https:\/\/thoscawood.com.py\/wp-content\/uploads\/2022\/10\/FOTO-FABRICAa-1320x487.jpg 1320w\" sizes=\"auto, (max-width: 1024px) 100vw, 1024px\" \/>\t\t\t\t\t\t\t\t\t\t\t<figcaption class=\"widget-image-caption wp-caption-text\">F\u00e1brica Thosca Wood<\/figcaption>\n\t\t\t\t\t\t\t\t\t\t<\/figure>\n\t\t\t\t\t\t\t\t\t<\/div>\n\t\t\t\t<\/div>\n\t\t\t\t<section class=\"elementor-section elementor-inner-section elementor-element elementor-element-f02a1ac elementor-section-boxed elementor-section-height-default elementor-section-height-default\" data-id=\"f02a1ac\" data-element_type=\"section\">\n\t\t\t\t\t\t<div class=\"elementor-container elementor-column-gap-default\">\n\t\t\t\t\t<div class=\"elementor-column elementor-col-100 elementor-inner-column elementor-element elementor-element-3a42e21\" data-id=\"3a42e21\" data-element_type=\"column\">\n\t\t\t<div class=\"elementor-widget-wrap elementor-element-populated\">\n\t\t\t\t\t\t\t\t<div class=\"elementor-element elementor-element-68ee2ce elementor-widget elementor-widget-heading\" data-id=\"68ee2ce\" data-element_type=\"widget\" data-widget_type=\"heading.default\">\n\t\t\t\t<div class=\"elementor-widget-container\">\n\t\t\t<style>\/*! elementor - v3.12.2 - 23-04-2023 *\/\n.elementor-heading-title{padding:0;margin:0;line-height:1}.elementor-widget-heading .elementor-heading-title[class*=elementor-size-]>a{color:inherit;font-size:inherit;line-height:inherit}.elementor-widget-heading .elementor-heading-title.elementor-size-small{font-size:15px}.elementor-widget-heading .elementor-heading-title.elementor-size-medium{font-size:19px}.elementor-widget-heading .elementor-heading-title.elementor-size-large{font-size:29px}.elementor-widget-heading .elementor-heading-title.elementor-size-xl{font-size:39px}.elementor-widget-heading .elementor-heading-title.elementor-size-xxl{font-size:59px}<\/style><h3 class=\"elementor-heading-title elementor-size-default\">Quienes Somos<\/h3>\t\t<\/div>\n\t\t\t\t<\/div>\n\t\t\t\t<div class=\"elementor-element elementor-element-b99e840 elementor-widget elementor-widget-text-editor\" data-id=\"b99e840\" data-element_type=\"widget\" data-widget_type=\"text-editor.default\">\n\t\t\t\t<div class=\"elementor-widget-container\">\n\t\t\t<style>\/*! elementor - v3.12.2 - 23-04-2023 *\/\n.elementor-widget-text-editor.elementor-drop-cap-view-stacked .elementor-drop-cap{background-color:#69727d;color:#fff}.elementor-widget-text-editor.elementor-drop-cap-view-framed .elementor-drop-cap{color:#69727d;border:3px solid;background-color:transparent}.elementor-widget-text-editor:not(.elementor-drop-cap-view-default) .elementor-drop-cap{margin-top:8px}.elementor-widget-text-editor:not(.elementor-drop-cap-view-default) .elementor-drop-cap-letter{width:1em;height:1em}.elementor-widget-text-editor .elementor-drop-cap{float:left;text-align:center;line-height:1;font-size:50px}.elementor-widget-text-editor .elementor-drop-cap-letter{display:inline-block}<\/style>\t\t\t\t<p class=\"MsoNormal\" style=\"text-align: justify;\"><span style=\"font-family: 'Verdana',sans-serif;\">Somos una historia maderera iniciada hace 50 a\u00f1os por <b><i>LOS HERMANOS ERNESTO e IZALINO THOME<\/i><\/b><i>, <\/i>quienes ya ten\u00edan una vasta experiencia en la industrializaci\u00f3n forestal en el estado de Paran\u00e1, Brasil, decidiendo trasladar e instalar en el Paraguay una industria maderera con potencial de expansi\u00f3n, confiando en las proyecciones econ\u00f3micas que ofrec\u00eda este pa\u00eds hermano, pero pensando en obtener mayor valor agregado y no simplemente maderas aserradas.<\/span><\/p><p class=\"MsoNormal\" style=\"text-align: justify;\"><span style=\"font-family: 'Verdana',sans-serif;\">A partir del a\u00f1o 1988, con la instalaci\u00f3n en Paraguay de TECNOLOGIA DE PUNTA se inicia un proceso de industrializaci\u00f3n y exportaci\u00f3n de pisos parquet terminados a los mercados m\u00e1s exigentes de Europa, Asia, USA y a los pa\u00edses de la regi\u00f3n del cono sur utilizando las maderas paraguayas m\u00e1s valiosas que anteriormente alimentaban f\u00e1bricas de otras regiones del mundo.<\/span><\/p><p class=\"MsoNormal\" style=\"text-align: justify;\"><span style=\"font-family: 'Verdana',sans-serif;\">Desde esta transformaci\u00f3n, THOSCA no ha parado de innovar e incorporar los m\u00e1s adelantados medios tecnol\u00f3gico para el control del proceso productivo y control de calidad, apoy\u00e1ndose en la informatizaci\u00f3n desde la fuente de materia prima, manejo forestal sustentable, cumplimiento de la normativa ambiental, respetando el proceso de licenciamiento y constante auditoria de cumplimiento del Plan de Gesti\u00f3n Ambiental aprobado por el MADES, Ministerio del Ambiente y Desarrollo Sostenible. <\/span><\/p><p>\u00a0<\/p><p class=\"MsoNormal\" style=\"text-align: justify;\"><span style=\"font-family: 'Verdana',sans-serif;\">Finalmente, a partir del 2014, para completar el ciclo productivo y utilizar hasta las m\u00e1s peque\u00f1as piezas de maderas, inicia la fabricaci\u00f3n de conjunto de sillas con mesas plegables, puertas y ventanas para la construcci\u00f3n en cuyos procesos se respeta todo el conocimiento acumulado durante a\u00f1os en la utilizaci\u00f3n correcta del recurso maderero, ofreciendo a una clientela creciente soluciones en maderas con belleza apoyado en la calidad y el buen gusto.\u00a0\u00a0\u00a0\u00a0\u00a0 \u00a0<\/span><\/p>\t\t\t\t\t\t<\/div>\n\t\t\t\t<\/div>\n\t\t\t\t\t<\/div>\n\t\t<\/div>\n\t\t\t\t\t\t\t<\/div>\n\t\t<\/section>\n\t\t\t\t<div class=\"elementor-element elementor-element-253f4f5 elementor-widget elementor-widget-heading\" data-id=\"253f4f5\" data-element_type=\"widget\" data-widget_type=\"heading.default\">\n\t\t\t\t<div class=\"elementor-widget-container\">\n\t\t\t<h3 class=\"elementor-heading-title elementor-size-default\"><span style=\"color: var(--ast-global-color-1); font-size: 1.78571rem; background-color: var(--ast-global-color-4);\">Localizaci\u00f3n<\/span><\/h3>\t\t<\/div>\n\t\t\t\t<\/div>\n\t\t\t\t<div class=\"elementor-element elementor-element-dcf5b06 elementor-widget elementor-widget-google_maps\" data-id=\"dcf5b06\" data-element_type=\"widget\" data-widget_type=\"google_maps.default\">\n\t\t\t\t<div class=\"elementor-widget-container\">\n\t\t\t<style>\/*! elementor - v3.12.2 - 23-04-2023 *\/\n.elementor-widget-google_maps .elementor-widget-container{overflow:hidden}.elementor-widget-google_maps .elementor-custom-embed{line-height:0}.elementor-widget-google_maps iframe{height:300px}<\/style>\t\t<div class=\"elementor-custom-embed\">\n\t\t\t<iframe loading=\"lazy\"\n\t\t\t\t\tsrc=\"https:\/\/maps.google.com\/maps?q=-23.260680579305948%2C%20-57.33297730260013&#038;t=m&#038;z=10&#038;output=embed&#038;iwloc=near\"\n\t\t\t\t\ttitle=\"-23.260680579305948, -57.33297730260013\"\n\t\t\t\t\taria-label=\"-23.260680579305948, -57.33297730260013\"\n\t\t\t><\/iframe>\n\t\t<\/div>\n\t\t\t\t<\/div>\n\t\t\t\t<\/div>\n\t\t\t\t\t<\/div>\n\t\t<\/div>\n\t\t\t\t\t\t\t<\/div>\n\t\t<\/section>\n\t\t\t\t<section class=\"elementor-section elementor-top-section elementor-element elementor-element-441f135 elementor-section-boxed elementor-section-height-default elementor-section-height-default\" data-id=\"441f135\" data-element_type=\"section\">\n\t\t\t\t\t\t<div class=\"elementor-container elementor-column-gap-default\">\n\t\t\t\t\t<div class=\"elementor-column elementor-col-100 elementor-top-column elementor-element elementor-element-2ee3767\" data-id=\"2ee3767\" data-element_type=\"column\">\n\t\t\t<div class=\"elementor-widget-wrap\">\n\t\t\t\t\t\t\t\t\t<\/div>\n\t\t<\/div>\n\t\t\t\t\t\t\t<\/div>\n\t\t<\/section>\n\t\t\t\t\t\t\t<\/div>\n\t\t","protected":false},"excerpt":{"rendered":"<p>F\u00e1brica Thosca Wood Quienes Somos Somos una historia maderera iniciada hace 50 a\u00f1os por LOS HERMANOS ERNESTO e IZALINO THOME, quienes ya ten\u00edan una vasta experiencia en la industrializaci\u00f3n forestal en el estado de Paran\u00e1, Brasil, decidiendo trasladar e instalar en el Paraguay una industria maderera con potencial de expansi\u00f3n, confiando en las proyecciones econ\u00f3micas &hellip;<\/p>\n<p class=\"read-more\"> <a class=\"\" href=\"https:\/\/thoscawood.com.py\/index.php\/quienes-somos\/\"> <span class=\"screen-reader-text\">Quienes Somos<\/span> Leer m\u00e1s &raquo;<\/a><\/p>\n","protected":false},"author":1,"featured_media":0,"parent":0,"menu_order":0,"comment_status":"closed","ping_status":"closed","template":"","meta":{"site-sidebar-layout":"no-sidebar","site-content-layout":"page-builder","ast-global-header-display":"","ast-main-header-display":"","ast-hfb-above-header-display":"","ast-hfb-below-header-display":"","ast-hfb-mobile-header-display":"","site-post-title":"disabled","ast-breadcrumbs-content":"","ast-featured-img":"disabled","footer-sml-layout":"","theme-transparent-header-meta":"","adv-header-id-meta":"","stick-header-meta":"","header-above-stick-meta":"","header-main-stick-meta":"","header-below-stick-meta":"","_joinchat":[],"footnotes":""},"class_list":["post-9","page","type-page","status-publish","hentry"],"yoast_head":"<!-- This site is optimized with the Yoast SEO plugin v20.5 - https:\/\/yoast.com\/wordpress\/plugins\/seo\/ -->\n<title>Quienes Somos -<\/title>\n<meta name=\"robots\" content=\"index, follow, max-snippet:-1, max-image-preview:large, max-video-preview:-1\" \/>\n<link rel=\"canonical\" href=\"https:\/\/thoscawood.com.py\/index.php\/quienes-somos\/\" \/>\n<meta property=\"og:locale\" content=\"es_ES\" \/>\n<meta property=\"og:type\" content=\"article\" \/>\n<meta property=\"og:title\" content=\"Quienes Somos -\" \/>\n<meta property=\"og:description\" content=\"F\u00e1brica Thosca Wood Quienes Somos Somos una historia maderera iniciada hace 50 a\u00f1os por LOS HERMANOS ERNESTO e IZALINO THOME, quienes ya ten\u00edan una vasta experiencia en la industrializaci\u00f3n forestal en el estado de Paran\u00e1, Brasil, decidiendo trasladar e instalar en el Paraguay una industria maderera con potencial de expansi\u00f3n, confiando en las proyecciones econ\u00f3micas &hellip; Quienes Somos Leer m\u00e1s &raquo;\" \/>\n<meta property=\"og:url\" content=\"https:\/\/thoscawood.com.py\/index.php\/quienes-somos\/\" \/>\n<meta property=\"article:publisher\" content=\"https:\/\/www.facebook.com\/thoscawoodflooring\" \/>\n<meta property=\"article:modified_time\" content=\"2023-07-01T20:22:14+00:00\" \/>\n<meta property=\"og:image\" content=\"https:\/\/thoscawood.com.py\/wp-content\/uploads\/2022\/10\/FOTO-FABRICAa-1024x377.jpg\" \/>\n<meta name=\"twitter:card\" content=\"summary_large_image\" \/>\n<meta name=\"twitter:label1\" content=\"Tiempo de lectura\" \/>\n\t<meta name=\"twitter:data1\" content=\"2 minutos\" \/>\n<script type=\"application\/ld+json\" class=\"yoast-schema-graph\">{\"@context\":\"https:\/\/schema.org\",\"@graph\":[{\"@type\":\"WebPage\",\"@id\":\"https:\/\/thoscawood.com.py\/index.php\/quienes-somos\/\",\"url\":\"https:\/\/thoscawood.com.py\/index.php\/quienes-somos\/\",\"name\":\"Quienes Somos -\",\"isPartOf\":{\"@id\":\"https:\/\/thoscawood.com.py\/#website\"},\"datePublished\":\"2022-09-07T21:34:38+00:00\",\"dateModified\":\"2023-07-01T20:22:14+00:00\",\"breadcrumb\":{\"@id\":\"https:\/\/thoscawood.com.py\/index.php\/quienes-somos\/#breadcrumb\"},\"inLanguage\":\"es\",\"potentialAction\":[{\"@type\":\"ReadAction\",\"target\":[\"https:\/\/thoscawood.com.py\/index.php\/quienes-somos\/\"]}]},{\"@type\":\"BreadcrumbList\",\"@id\":\"https:\/\/thoscawood.com.py\/index.php\/quienes-somos\/#breadcrumb\",\"itemListElement\":[{\"@type\":\"ListItem\",\"position\":1,\"name\":\"Portada\",\"item\":\"https:\/\/thoscawood.com.py\/\"},{\"@type\":\"ListItem\",\"position\":2,\"name\":\"Quienes Somos\"}]},{\"@type\":\"WebSite\",\"@id\":\"https:\/\/thoscawood.com.py\/#website\",\"url\":\"https:\/\/thoscawood.com.py\/\",\"name\":\"\",\"description\":\"Fabricaci\u00f3n de Puertas, Ventanas, sillas y mesas. \",\"publisher\":{\"@id\":\"https:\/\/thoscawood.com.py\/#organization\"},\"potentialAction\":[{\"@type\":\"SearchAction\",\"target\":{\"@type\":\"EntryPoint\",\"urlTemplate\":\"https:\/\/thoscawood.com.py\/?s={search_term_string}\"},\"query-input\":\"required name=search_term_string\"}],\"inLanguage\":\"es\"},{\"@type\":\"Organization\",\"@id\":\"https:\/\/thoscawood.com.py\/#organization\",\"name\":\"THOSCA WOOD\",\"alternateName\":\"THOSCA WOOD\",\"url\":\"https:\/\/thoscawood.com.py\/\",\"logo\":{\"@type\":\"ImageObject\",\"inLanguage\":\"es\",\"@id\":\"https:\/\/thoscawood.com.py\/#\/schema\/logo\/image\/\",\"url\":\"https:\/\/thoscawood.com.py\/wp-content\/uploads\/2022\/09\/cropped-logo-2-1.png\",\"contentUrl\":\"https:\/\/thoscawood.com.py\/wp-content\/uploads\/2022\/09\/cropped-logo-2-1.png\",\"width\":644,\"height\":193,\"caption\":\"THOSCA WOOD\"},\"image\":{\"@id\":\"https:\/\/thoscawood.com.py\/#\/schema\/logo\/image\/\"},\"sameAs\":[\"https:\/\/www.facebook.com\/thoscawoodflooring\"]}]}<\/script>\n<!-- \/ Yoast SEO plugin. -->","yoast_head_json":{"title":"Quienes Somos -","robots":{"index":"index","follow":"follow","max-snippet":"max-snippet:-1","max-image-preview":"max-image-preview:large","max-video-preview":"max-video-preview:-1"},"canonical":"https:\/\/thoscawood.com.py\/index.php\/quienes-somos\/","og_locale":"es_ES","og_type":"article","og_title":"Quienes Somos -","og_description":"F\u00e1brica Thosca Wood Quienes Somos Somos una historia maderera iniciada hace 50 a\u00f1os por LOS HERMANOS ERNESTO e IZALINO THOME, quienes ya ten\u00edan una vasta experiencia en la industrializaci\u00f3n forestal en el estado de Paran\u00e1, Brasil, decidiendo trasladar e instalar en el Paraguay una industria maderera con potencial de expansi\u00f3n, confiando en las proyecciones econ\u00f3micas &hellip; Quienes Somos Leer m\u00e1s &raquo;","og_url":"https:\/\/thoscawood.com.py\/index.php\/quienes-somos\/","article_publisher":"https:\/\/www.facebook.com\/thoscawoodflooring","article_modified_time":"2023-07-01T20:22:14+00:00","og_image":[{"url":"https:\/\/thoscawood.com.py\/wp-content\/uploads\/2022\/10\/FOTO-FABRICAa-1024x377.jpg"}],"twitter_card":"summary_large_image","twitter_misc":{"Tiempo de lectura":"2 minutos"},"schema":{"@context":"https:\/\/schema.org","@graph":[{"@type":"WebPage","@id":"https:\/\/thoscawood.com.py\/index.php\/quienes-somos\/","url":"https:\/\/thoscawood.com.py\/index.php\/quienes-somos\/","name":"Quienes Somos -","isPartOf":{"@id":"https:\/\/thoscawood.com.py\/#website"},"datePublished":"2022-09-07T21:34:38+00:00","dateModified":"2023-07-01T20:22:14+00:00","breadcrumb":{"@id":"https:\/\/thoscawood.com.py\/index.php\/quienes-somos\/#breadcrumb"},"inLanguage":"es","potentialAction":[{"@type":"ReadAction","target":["https:\/\/thoscawood.com.py\/index.php\/quienes-somos\/"]}]},{"@type":"BreadcrumbList","@id":"https:\/\/thoscawood.com.py\/index.php\/quienes-somos\/#breadcrumb","itemListElement":[{"@type":"ListItem","position":1,"name":"Portada","item":"https:\/\/thoscawood.com.py\/"},{"@type":"ListItem","position":2,"name":"Quienes Somos"}]},{"@type":"WebSite","@id":"https:\/\/thoscawood.com.py\/#website","url":"https:\/\/thoscawood.com.py\/","name":"","description":"Fabricaci\u00f3n de Puertas, Ventanas, sillas y mesas. ","publisher":{"@id":"https:\/\/thoscawood.com.py\/#organization"},"potentialAction":[{"@type":"SearchAction","target":{"@type":"EntryPoint","urlTemplate":"https:\/\/thoscawood.com.py\/?s={search_term_string}"},"query-input":"required name=search_term_string"}],"inLanguage":"es"},{"@type":"Organization","@id":"https:\/\/thoscawood.com.py\/#organization","name":"THOSCA WOOD","alternateName":"THOSCA WOOD","url":"https:\/\/thoscawood.com.py\/","logo":{"@type":"ImageObject","inLanguage":"es","@id":"https:\/\/thoscawood.com.py\/#\/schema\/logo\/image\/","url":"https:\/\/thoscawood.com.py\/wp-content\/uploads\/2022\/09\/cropped-logo-2-1.png","contentUrl":"https:\/\/thoscawood.com.py\/wp-content\/uploads\/2022\/09\/cropped-logo-2-1.png","width":644,"height":193,"caption":"THOSCA WOOD"},"image":{"@id":"https:\/\/thoscawood.com.py\/#\/schema\/logo\/image\/"},"sameAs":["https:\/\/www.facebook.com\/thoscawoodflooring"]}]}},"_links":{"self":[{"href":"https:\/\/thoscawood.com.py\/index.php\/wp-json\/wp\/v2\/pages\/9","targetHints":{"allow":["GET"]}}],"collection":[{"href":"https:\/\/thoscawood.com.py\/index.php\/wp-json\/wp\/v2\/pages"}],"about":[{"href":"https:\/\/thoscawood.com.py\/index.php\/wp-json\/wp\/v2\/types\/page"}],"author":[{"embeddable":true,"href":"https:\/\/thoscawood.com.py\/index.php\/wp-json\/wp\/v2\/users\/1"}],"replies":[{"embeddable":true,"href":"https:\/\/thoscawood.com.py\/index.php\/wp-json\/wp\/v2\/comments?post=9"}],"version-history":[{"count":97,"href":"https:\/\/thoscawood.com.py\/index.php\/wp-json\/wp\/v2\/pages\/9\/revisions"}],"predecessor-version":[{"id":1278,"href":"https:\/\/thoscawood.com.py\/index.php\/wp-json\/wp\/v2\/pages\/9\/revisions\/1278"}],"wp:attachment":[{"href":"https:\/\/thoscawood.com.py\/index.php\/wp-json\/wp\/v2\/media?parent=9"}],"curies":[{"name":"wp","href":"https:\/\/api.w.org\/{rel}","templated":true}]}}