{"id":2349,"date":"2024-02-06T14:29:33","date_gmt":"2024-02-06T17:29:33","guid":{"rendered":"https:\/\/thoscawood.com.py\/?post_type=product&#038;p=2349"},"modified":"2024-02-09T10:25:46","modified_gmt":"2024-02-09T13:25:46","slug":"mesa-plegable","status":"publish","type":"product","link":"https:\/\/thoscawood.com.py\/index.php\/producto\/mesa-plegable\/","title":{"rendered":"Mesa Plegable de Madera Lapacho"},"content":{"rendered":"","protected":false},"excerpt":{"rendered":"<p>Una Mesa Plegable de Madera Lapacho representa la perfecta fusi\u00f3n entre la calidez y la funcionalidad. Confeccionada con la exquisita madera Lapacho, esta mesa ofrece una est\u00e9tica natural y atractiva que realza cualquier espacio. Su dise\u00f1o plegable la convierte en una opci\u00f3n pr\u00e1ctica y adaptable para espacios peque\u00f1os o ambientes al aire libre. La durabilidad de su material asegura una larga vida \u00fatil, mientras que su capacidad de plegado facilita su almacenamiento y transporte. Ya sea en interiores o exteriores, esta mesa a\u00f1ade un toque de elegancia y versatilidad a cualquier entorno, convirti\u00e9ndola en una elecci\u00f3n imprescindible para aquellos que valoran la belleza y la funcionalidad en un mismo mueble.<\/p>\n","protected":false},"featured_media":2394,"comment_status":"closed","ping_status":"closed","template":"","meta":{"site-sidebar-layout":"default","site-content-layout":"default","ast-global-header-display":"","ast-main-header-display":"","ast-hfb-above-header-display":"","ast-hfb-below-header-display":"","ast-hfb-mobile-header-display":"disabled","site-post-title":"","ast-breadcrumbs-content":"","ast-featured-img":"","footer-sml-layout":"","theme-transparent-header-meta":"default","adv-header-id-meta":"","stick-header-meta":"","header-above-stick-meta":"","header-main-stick-meta":"","header-below-stick-meta":"","_joinchat":[]},"product_cat":[39],"product_tag":[],"class_list":["post-2349","product","type-product","status-publish","has-post-thumbnail","hentry","product_cat-mesas","desktop-align-center","tablet-align-left","mobile-align-left"],"yoast_head":"<!-- This site is optimized with the Yoast SEO plugin v20.5 - https:\/\/yoast.com\/wordpress\/plugins\/seo\/ -->\n<title>Mesa Plegable de Madera Lapacho -<\/title>\n<meta name=\"robots\" content=\"index, follow, max-snippet:-1, max-image-preview:large, max-video-preview:-1\" \/>\n<link rel=\"canonical\" href=\"https:\/\/thoscawood.com.py\/index.php\/producto\/mesa-plegable\/\" \/>\n<meta property=\"og:locale\" content=\"es_ES\" \/>\n<meta property=\"og:type\" content=\"article\" \/>\n<meta property=\"og:title\" content=\"Mesa Plegable de Madera Lapacho -\" \/>\n<meta property=\"og:description\" content=\"Una Mesa Plegable de Madera Lapacho representa la perfecta fusi\u00f3n entre la calidez y la funcionalidad. Confeccionada con la exquisita madera Lapacho, esta mesa ofrece una est\u00e9tica natural y atractiva que realza cualquier espacio. Su dise\u00f1o plegable la convierte en una opci\u00f3n pr\u00e1ctica y adaptable para espacios peque\u00f1os o ambientes al aire libre. La durabilidad de su material asegura una larga vida \u00fatil, mientras que su capacidad de plegado facilita su almacenamiento y transporte. Ya sea en interiores o exteriores, esta mesa a\u00f1ade un toque de elegancia y versatilidad a cualquier entorno, convirti\u00e9ndola en una elecci\u00f3n imprescindible para aquellos que valoran la belleza y la funcionalidad en un mismo mueble.\" \/>\n<meta property=\"og:url\" content=\"https:\/\/thoscawood.com.py\/index.php\/producto\/mesa-plegable\/\" \/>\n<meta property=\"article:publisher\" content=\"https:\/\/www.facebook.com\/thoscawoodflooring\" \/>\n<meta property=\"article:modified_time\" content=\"2024-02-09T13:25:46+00:00\" \/>\n<meta property=\"og:image\" content=\"https:\/\/thoscawood.com.py\/wp-content\/uploads\/2024\/02\/mesa7.webp\" \/>\n\t<meta property=\"og:image:width\" content=\"600\" \/>\n\t<meta property=\"og:image:height\" content=\"600\" \/>\n\t<meta property=\"og:image:type\" content=\"image\/webp\" \/>\n<meta name=\"twitter:card\" content=\"summary_large_image\" \/>\n<script type=\"application\/ld+json\" class=\"yoast-schema-graph\">{\"@context\":\"https:\/\/schema.org\",\"@graph\":[{\"@type\":\"WebPage\",\"@id\":\"https:\/\/thoscawood.com.py\/index.php\/producto\/mesa-plegable\/\",\"url\":\"https:\/\/thoscawood.com.py\/index.php\/producto\/mesa-plegable\/\",\"name\":\"Mesa Plegable de Madera Lapacho -\",\"isPartOf\":{\"@id\":\"https:\/\/thoscawood.com.py\/#website\"},\"datePublished\":\"2024-02-06T17:29:33+00:00\",\"dateModified\":\"2024-02-09T13:25:46+00:00\",\"breadcrumb\":{\"@id\":\"https:\/\/thoscawood.com.py\/index.php\/producto\/mesa-plegable\/#breadcrumb\"},\"inLanguage\":\"es\",\"potentialAction\":[{\"@type\":\"ReadAction\",\"target\":[\"https:\/\/thoscawood.com.py\/index.php\/producto\/mesa-plegable\/\"]}]},{\"@type\":\"BreadcrumbList\",\"@id\":\"https:\/\/thoscawood.com.py\/index.php\/producto\/mesa-plegable\/#breadcrumb\",\"itemListElement\":[{\"@type\":\"ListItem\",\"position\":1,\"name\":\"Portada\",\"item\":\"https:\/\/thoscawood.com.py\/\"},{\"@type\":\"ListItem\",\"position\":2,\"name\":\"Productos\",\"item\":\"https:\/\/thoscawood.com.py\/index.php\/tienda\/\"},{\"@type\":\"ListItem\",\"position\":3,\"name\":\"Mesa Plegable de Madera Lapacho\"}]},{\"@type\":\"WebSite\",\"@id\":\"https:\/\/thoscawood.com.py\/#website\",\"url\":\"https:\/\/thoscawood.com.py\/\",\"name\":\"\",\"description\":\"Fabricaci\u00f3n de Puertas, Ventanas, sillas y mesas. \",\"publisher\":{\"@id\":\"https:\/\/thoscawood.com.py\/#organization\"},\"potentialAction\":[{\"@type\":\"SearchAction\",\"target\":{\"@type\":\"EntryPoint\",\"urlTemplate\":\"https:\/\/thoscawood.com.py\/?s={search_term_string}\"},\"query-input\":\"required name=search_term_string\"}],\"inLanguage\":\"es\"},{\"@type\":\"Organization\",\"@id\":\"https:\/\/thoscawood.com.py\/#organization\",\"name\":\"THOSCA WOOD\",\"alternateName\":\"THOSCA WOOD\",\"url\":\"https:\/\/thoscawood.com.py\/\",\"logo\":{\"@type\":\"ImageObject\",\"inLanguage\":\"es\",\"@id\":\"https:\/\/thoscawood.com.py\/#\/schema\/logo\/image\/\",\"url\":\"https:\/\/thoscawood.com.py\/wp-content\/uploads\/2022\/09\/cropped-logo-2-1.png\",\"contentUrl\":\"https:\/\/thoscawood.com.py\/wp-content\/uploads\/2022\/09\/cropped-logo-2-1.png\",\"width\":644,\"height\":193,\"caption\":\"THOSCA WOOD\"},\"image\":{\"@id\":\"https:\/\/thoscawood.com.py\/#\/schema\/logo\/image\/\"},\"sameAs\":[\"https:\/\/www.facebook.com\/thoscawoodflooring\"]}]}<\/script>\n<!-- \/ Yoast SEO plugin. -->","yoast_head_json":{"title":"Mesa Plegable de Madera Lapacho -","robots":{"index":"index","follow":"follow","max-snippet":"max-snippet:-1","max-image-preview":"max-image-preview:large","max-video-preview":"max-video-preview:-1"},"canonical":"https:\/\/thoscawood.com.py\/index.php\/producto\/mesa-plegable\/","og_locale":"es_ES","og_type":"article","og_title":"Mesa Plegable de Madera Lapacho -","og_description":"Una Mesa Plegable de Madera Lapacho representa la perfecta fusi\u00f3n entre la calidez y la funcionalidad. Confeccionada con la exquisita madera Lapacho, esta mesa ofrece una est\u00e9tica natural y atractiva que realza cualquier espacio. Su dise\u00f1o plegable la convierte en una opci\u00f3n pr\u00e1ctica y adaptable para espacios peque\u00f1os o ambientes al aire libre. La durabilidad de su material asegura una larga vida \u00fatil, mientras que su capacidad de plegado facilita su almacenamiento y transporte. Ya sea en interiores o exteriores, esta mesa a\u00f1ade un toque de elegancia y versatilidad a cualquier entorno, convirti\u00e9ndola en una elecci\u00f3n imprescindible para aquellos que valoran la belleza y la funcionalidad en un mismo mueble.","og_url":"https:\/\/thoscawood.com.py\/index.php\/producto\/mesa-plegable\/","article_publisher":"https:\/\/www.facebook.com\/thoscawoodflooring","article_modified_time":"2024-02-09T13:25:46+00:00","og_image":[{"width":600,"height":600,"url":"https:\/\/thoscawood.com.py\/wp-content\/uploads\/2024\/02\/mesa7.webp","type":"image\/webp"}],"twitter_card":"summary_large_image","schema":{"@context":"https:\/\/schema.org","@graph":[{"@type":"WebPage","@id":"https:\/\/thoscawood.com.py\/index.php\/producto\/mesa-plegable\/","url":"https:\/\/thoscawood.com.py\/index.php\/producto\/mesa-plegable\/","name":"Mesa Plegable de Madera Lapacho -","isPartOf":{"@id":"https:\/\/thoscawood.com.py\/#website"},"datePublished":"2024-02-06T17:29:33+00:00","dateModified":"2024-02-09T13:25:46+00:00","breadcrumb":{"@id":"https:\/\/thoscawood.com.py\/index.php\/producto\/mesa-plegable\/#breadcrumb"},"inLanguage":"es","potentialAction":[{"@type":"ReadAction","target":["https:\/\/thoscawood.com.py\/index.php\/producto\/mesa-plegable\/"]}]},{"@type":"BreadcrumbList","@id":"https:\/\/thoscawood.com.py\/index.php\/producto\/mesa-plegable\/#breadcrumb","itemListElement":[{"@type":"ListItem","position":1,"name":"Portada","item":"https:\/\/thoscawood.com.py\/"},{"@type":"ListItem","position":2,"name":"Productos","item":"https:\/\/thoscawood.com.py\/index.php\/tienda\/"},{"@type":"ListItem","position":3,"name":"Mesa Plegable de Madera Lapacho"}]},{"@type":"WebSite","@id":"https:\/\/thoscawood.com.py\/#website","url":"https:\/\/thoscawood.com.py\/","name":"","description":"Fabricaci\u00f3n de Puertas, Ventanas, sillas y mesas. ","publisher":{"@id":"https:\/\/thoscawood.com.py\/#organization"},"potentialAction":[{"@type":"SearchAction","target":{"@type":"EntryPoint","urlTemplate":"https:\/\/thoscawood.com.py\/?s={search_term_string}"},"query-input":"required name=search_term_string"}],"inLanguage":"es"},{"@type":"Organization","@id":"https:\/\/thoscawood.com.py\/#organization","name":"THOSCA WOOD","alternateName":"THOSCA WOOD","url":"https:\/\/thoscawood.com.py\/","logo":{"@type":"ImageObject","inLanguage":"es","@id":"https:\/\/thoscawood.com.py\/#\/schema\/logo\/image\/","url":"https:\/\/thoscawood.com.py\/wp-content\/uploads\/2022\/09\/cropped-logo-2-1.png","contentUrl":"https:\/\/thoscawood.com.py\/wp-content\/uploads\/2022\/09\/cropped-logo-2-1.png","width":644,"height":193,"caption":"THOSCA WOOD"},"image":{"@id":"https:\/\/thoscawood.com.py\/#\/schema\/logo\/image\/"},"sameAs":["https:\/\/www.facebook.com\/thoscawoodflooring"]}]}},"_links":{"self":[{"href":"https:\/\/thoscawood.com.py\/index.php\/wp-json\/wp\/v3\/product\/2349","targetHints":{"allow":["GET"]}}],"collection":[{"href":"https:\/\/thoscawood.com.py\/index.php\/wp-json\/wp\/v3\/product"}],"about":[{"href":"https:\/\/thoscawood.com.py\/index.php\/wp-json\/wp\/v2\/types\/product"}],"replies":[{"embeddable":true,"href":"https:\/\/thoscawood.com.py\/index.php\/wp-json\/wp\/v2\/comments?post=2349"}],"version-history":[{"count":7,"href":"https:\/\/thoscawood.com.py\/index.php\/wp-json\/wp\/v3\/product\/2349\/revisions"}],"predecessor-version":[{"id":2380,"href":"https:\/\/thoscawood.com.py\/index.php\/wp-json\/wp\/v3\/product\/2349\/revisions\/2380"}],"wp:featuredmedia":[{"embeddable":true,"href":"https:\/\/thoscawood.com.py\/index.php\/wp-json\/wp\/v2\/media\/2394"}],"wp:attachment":[{"href":"https:\/\/thoscawood.com.py\/index.php\/wp-json\/wp\/v2\/media?parent=2349"}],"wp:term":[{"taxonomy":"product_cat","embeddable":true,"href":"https:\/\/thoscawood.com.py\/index.php\/wp-json\/wp\/v2\/product_cat?post=2349"},{"taxonomy":"product_tag","embeddable":true,"href":"https:\/\/thoscawood.com.py\/index.php\/wp-json\/wp\/v2\/product_tag?post=2349"}],"curies":[{"name":"wp","href":"https:\/\/api.w.org\/{rel}","templated":true}]}}